{"id":3517,"date":"2021-11-18T10:51:09","date_gmt":"2021-11-18T10:51:09","guid":{"rendered":"https:\/\/osian.cymru\/?page_id=3517"},"modified":"2021-11-18T10:54:31","modified_gmt":"2021-11-18T10:54:31","slug":"cerddi-i-ysgol-y-gymraeg-2021","status":"publish","type":"page","link":"https:\/\/osian.cymru\/en\/cerddi-i-ysgol-y-gymraeg-2021\/","title":{"rendered":"Cerddi i Ysgol y Gymraeg 2021"},"content":{"rendered":"\n<p>gan Osian Rhys Jones<\/p>\n\n\n\n<h2 class=\"wp-block-heading\">Maddeuant mam ddaear<\/h2>\n\n\n\n<p>Rwyt ti yn llefain y glaw<br>a\u2019th lygaid wedi chwyddo<br>\u00e2 chefnforoedd dy ddadrith.<\/p>\n\n\n\n<p>Nid fy mod yn dy weld.<br>Tybiaf nad ydw i ond weithiau\u2019n synhwyro<br>dy sgrech ar y gwynt, dy siom mor drwchus \u00e2\u2019r niwl.<\/p>\n\n\n\n<p>Ac mae\u2019n rhyfedd, tydi, Mam,<br>mai ti yw ein cyfrifoldeb ni &#8211;<br>y fi, a\u2019m holl frodyr a\u2019m chwiorydd &#8211; nid fel arall rownd?<\/p>\n\n\n\n<p>Felly, tro nesaf y bydd dy feddyliau\u2019n gorwynt,<br>neu dy dymer yn derfysglyd wyllt,<br>tafla belydryn o faddeuant i\u2019th blant.<\/p>\n\n\n\n<p>Mi ddweda\u2019 i wrth y lleill,<br>a dyrchafwn ein golygon, o\u2019th ddaear faeth,<br>i weld dy gleisiau\u2019n glir a minlliw hen gusan ar enfys newydd.<\/p>\n\n\n\n<h2 class=\"wp-block-heading\"><strong>Hunan Wasanaeth<\/strong><\/h2>\n\n\n\n<p>Mae hi&#8217;n dasg mor undonog,<br>mor ddi-liw ar bnawn dydd Iau;<br>yn un all bawb yn rhwydd ei gwneud<br>hefo&#8217;u llygaid nhw ar gau.<\/p>\n\n\n\n<p>Mae&#8217;n ail natur inni bellach<br>torri rhestr a hel ein bagiau,<br>crwydro&#8217;n freuddwydiol ar hyd bob eil,<br>anghofio bod ffin rhwng angen ac eisiau.<\/p>\n\n\n\n<p>Llenwi&#8217;r fasged, gwireddu&#8217;r freuddwyd,<br>y bywyd braf mewn seloff\u00ean;<br>mae&#8217;r bara, y selsig, y losin a&#8217;r b\u0175s<br>i gyd wedi&#8217;u pecynnu a&#8217;u gwerthu \u00e2 gw\u00ean.<\/p>\n\n\n\n<p>Siop yw hon sy&#8217;n bob dim i bawb,<br>a lle gall pawb gael bob dim.<br>Mae&#8217;n gysur gwybod bod eraill fel ni,<br>yn chwantu gwneud eu siopa&#8217;n chwim;<\/p>\n\n\n\n<p>A chwimach eto, yn \u00f4l y drefn<br>yw cael talu yn ddiymyrraeth &#8211;<br>wfft i&#8217;r ciw, es ar fy mhen<br>tua&#8217;r peiriant hunanwasanaeth:<\/p>\n\n\n\n<p>&#8220;Welcome, please scan your first item&#8221; meddai<br>(gan bwysleisio &#8220;first&#8221; rhag ofn imi ddechrau \u00e2&#8217;r ail),<br>cyn sylwi ar yr opsiwn &#8220;Cymraeg&#8221; ar waelod<br>y sgrin, er syndod, bu hyn yn sail<\/p>\n\n\n\n<p>i Gymro swil lawenhau. Ces bwyso&#8217;r botwm<br>a bod y rebel yn y selerydd saff,<br>es am unwaith a dal gerfydd fy ewinedd<br>yn y mymryn hwn o raff:<\/p>\n\n\n\n<p>&#8220;CROESO, SGANIWCH EICH HEITEM GYNTAF&#8221;<br>Troesai rhywun y foliwm i eithafion un ar ddeg,<br>rown i&#8217;n si\u0175r fod pawb yn syllu arna-i,<br>cyrliais fodiau fy nhraed, a brathais congl fy ngheg,<\/p>\n\n\n\n<p>pam fod dewis Cymraeg mor chwithig,<br>mor beryg i bob hunan barch?<br>Pam weithiau dymuno i&#8217;r llawr ein llyncu,<br>neu gael gadael y lle reit handi mewn arch?<\/p>\n\n\n\n<p>Mi es ati&#8217;n ddyfal iawn i sganio,<br>sganio&#8217;n sydyn, sganio am y gorau &#8211;<br>fel cath i gythraul yn llenwi&#8217;r bag&#8230;<br>&#8220;EITEM ANNISGWYL YN ARDAL Y BAGIAU&#8221;<\/p>\n\n\n\n<p>Golau coch yn fflachio, rhaid aros am gymorth.<br>ac o&#8217;r ciw tu \u00f4l fe glywn i regfeydd,<br>ro&#8217;n i ar y llain galed ar draffordd y tils,<br>a fy newis iaith yn achosi tagfeydd:<\/p>\n\n\n\n<p>&#8220;Alright love? Pressed &#8216;Welsh&#8217; by mistake?<br>Don&#8217;t worry I&#8217;ll change it back for you &#8211;<br>seems to happen all the time these days&#8230;&#8221;<br>&#8220;Well no, I actually wanted&#8230;&#8221; ac ar fy llw<\/p>\n\n\n\n<p>fe awdurdododd Sandra i&#8217;r peiriant<br>ddychwelyd yn \u00f4l i&#8217;w st\u00e2d naturiol,<br>cyn chwalu t\u0175r Babel yn fil o rybuddion<br>nad oes dibenion bod yn wahanol.<\/p>\n\n\n\n<p>Ail bwysais y botwm Cymraeg yn \u2018styfnig,<br>y botwm niwclear coch,<br>y booby-trap diwylliannol cas<br>sy&#8217;n gyrru eich henw i&#8217;r moch:<\/p>\n\n\n\n<p>Sefais a dychmygais uwchben y sganiwr,<br>yr FBI, CIA, MI6,<br>GCHQ, NSA, bob un o flaen sgrin<br>yn nodi pwy ydw i, yn cael eu ffics:<\/p>\n\n\n\n<p>&#8220;potential terrorist&#8221;, &#8220;non-conformer&#8221;,<br>yn nodi fy lleoliad ar un pnawn dydd Iau,<br>pan ddeffrwyd fi o &#8216;mherlewyg gan gyfarthiad<br>&#8220;A YDYCH CHI&#8217;N DYMUNO PARHAU?&#8221;<\/p>\n\n\n\n<p>Weithiau mae ambell gwestiwn fel cyllell cigydd<br>yn tynnu gwaed o esgyrn a gewynnau,<br>yn tollti ymysgaroedd ar hyd y llawr,<br>yn troi ei llafn yn fy mherfedd innau:<\/p>\n\n\n\n<p>Es yn fy mlaen; a s\u0175n y sganiwr<br>yn cofnodi curiad p\u00fdls afreolaidd,<br>a finnau&#8217;n gaeth i&#8217;r drip diwylliannol<br>trwy linyn bogail sy&#8217;n fy nghadw&#8217;n wylaidd.<\/p>\n\n\n\n<p>Ro&#8217;n i&#8217;n si\u0175r wrth lenwi&#8217;r cwdyn olaf<br>fod gen i gomplecs yn datblygu:<br>&#8220;RHOWCH EICH HARIAN I FEWN &#8211;<br>NEU DEWISIWCH FFORDD O DALU&#8221;:<\/p>\n\n\n\n<p>y math o gomplecs sy&#8217;n gallu llethu cenedl<br>yn boenus o ymwybodol o drueni\u2019i chyflwr:<br>&#8220;CYMERWCH EICH NEWID;<br>RHODDIR ARIAN PAPUR O DAN Y SGANIWR.&#8221;<\/p>\n\n\n\n<p>Wrth adael trwy&#8217;r drysau awtomatig<br>teimlad chwithig oedd mynd efo&#8217;r lli:<br>roedd y bagiau llawnion a gariwn yn drwm,<br>ond ddim mor drwm \u00e2 &#8216;nghalon i.<\/p>\n\n\n\n<p>Achos weithiau, hyd yn oed<br>wrth wneud y tasgau bach bob dydd<br>fe d\u00e2l inni agor ein llygaid,<br>a chrwydro pob eil fel \u2018tawn ni yn rhydd,<\/p>\n\n\n\n<p>peidio \u00e2 cholli&#8217;n ffordd rhwng y cigoedd a&#8217;r gwirodydd,<br>bod o bryd i&#8217;w gilydd yn uchel ein cloch:<br>a throi&#8217;r foliwm yn uwch eto fyth<br>o Gaerdydd, Prestatyn i Abersoch:<\/p>\n\n\n\n<p>a dyna ydi&#8217;r hunan wasanaeth<br>mwyaf a wnawn rhwng y brain a&#8217;r c\u0175n:<br>felly deffrwch eich harchfarchnadoedd lleol<br>hefo llond eich hiaith chi o s\u0175n.<\/p>\n\n\n\n<h2 class=\"wp-block-heading\"><strong>Rio Dulce<\/strong><\/h2>\n\n\n\n<p>A&nbsp;gawn&nbsp;ni&nbsp;fynd&nbsp;ar&nbsp;un&nbsp;o&#8217;r&nbsp;bysys&nbsp;<br>A&nbsp;ffeirio&#8217;r&nbsp;mynydd&nbsp;am&nbsp;yr&nbsp;afon&nbsp;felys?&nbsp;<\/p>\n\n\n\n<p>Gawn&nbsp;ni&nbsp;fynd&nbsp;un&nbsp;waith&nbsp;gyda&#8217;r&nbsp;bobol&nbsp;ddiarth&nbsp;<br>sy&#8217;n&nbsp;tynnu&nbsp;llun pob t\u0177 a buarth?&nbsp;<\/p>\n\n\n\n<p>A rhoi ein sachau trymion&nbsp;ar&nbsp;y to&nbsp;<br>i weld&nbsp;y&nbsp;coed&nbsp;palmwydd&nbsp;y&nbsp;tu&nbsp;hwnt&nbsp;i&#8217;n&nbsp;bro?&nbsp;&nbsp;<\/p>\n\n\n\n<p>Gawn&nbsp;ni&nbsp;gymryd&nbsp;ein&nbsp;troeon&nbsp;fesul&nbsp;dau&nbsp;<br>i&nbsp;roi&#8217;n&nbsp;pennau&nbsp;trwy&#8217;r&nbsp;ffenest&nbsp;na&nbsp;fedrwn&nbsp;ei&nbsp;chau?&nbsp;&nbsp;<\/p>\n\n\n\n<p>Pl\u00ees, Mam,&nbsp;gawn&nbsp;ni&nbsp;ganu&#8217;r&nbsp;hen&nbsp;g\u00e2n&nbsp;<br>am y&nbsp;l\u00f4n&nbsp;fawr&nbsp;a&#8217;i&nbsp;theithwyr&nbsp;m\u00e2n?&nbsp;<\/p>\n\n\n\n<p>Pl\u00ees, Dad, pam&nbsp;na&nbsp;fedrwch&nbsp;chi&nbsp;ddallt?<br>&#8216;Da&nbsp;ni&nbsp;ddim&nbsp;ond&nbsp;eisiau&#8217;r&nbsp;gwynt&nbsp;yn&nbsp;ein&nbsp;gwallt.&nbsp;<\/p>\n\n\n\n<p>Pl\u00ees gawn ni oll,&nbsp;cyn&nbsp;ein&nbsp;bod&nbsp;ni&#8217;n&nbsp;rhy&nbsp;hen&nbsp;<br>ddisgyn i&nbsp;gysgu&#8217;n&nbsp;sownd&nbsp;gyda&nbsp;gw\u00ean&nbsp;<\/p>\n\n\n\n<p>A breuddwydio bod y mynydd yn fodlon hapus&nbsp;<br>Wrth gofio&nbsp;amdanom&nbsp;wrth&nbsp;yr&nbsp;afon&nbsp;felys.&nbsp;<\/p>\n\n\n\n<p>Tachwedd 2014<\/p>\n\n\n\n<h2 class=\"wp-block-heading\">Welsh Club<\/h2>\n\n\n\n<p>Ym meddwdod Womanby, mae \u201cWelsh Club\u201d mor fachog<br>wrth faglu yn heglog mewn dipyn o strach.&nbsp;<br>Ond beth sydd mewn enw? Ydi Ifor Bach<\/p>\n\n\n\n<p>yma&#8217;n dawnsio&#8217;n ein gwaed? Tra bo&#8217;r cof yn niwlog<br>a\u2019r gig yn hwyliog, pa iws sydd \u2018na mewn taeru,<br>fod Ifor yn fyw, tra bod \u2018na ddisgo, a ch\u00e2n i\u2019w chanu?<\/p>\n\n\n\n<p>Ac wedyn, dwi\u2019n teimlo, pan fentraf fi sobri<br>bod yn rhaid dweud fy sori am lacio fy nhafod<br>wrth y rhai sy\u2019n meddwl fod yr enw\u2019n datgelu gormod.<\/p>\n\n\n\n<p>Ydyn nhw ofn i\u2019n caneuon a\u2019n cerddi ddringo waliau\u2019r castell?<br>Ydyn nhw ofn ein cymell i gipio\u2019u straeon o dan eu trwynau<br>a\u2019u dal yn wystl, nes ildio\u2019u celwyddau?<\/p>\n\n\n\n<p>Ydyn nhw\u2019n ofni ein gweld ar y gwastatiroedd,<br>I lawr o\u2019n mynyddoedd, yn masnachu, yn bla,<br>Yn herio chwip y Norman \u00e2 daioni Hywel Dda?<\/p>\n\n\n\n<p>Oes ganddyn nhw ff\u00eear fod Cofio Tryweryn<br>Am wneud gelyn ohonyn nhw?<br>Achos nid nhw di\u2019r <em>baddies<\/em> (na, mae hynny\u2019n tab\u0175).<\/p>\n\n\n\n<p>Ydyn nhw\u2019n ofni y byddwn yn gweld heibio\u2019r Saesneg &#8211;<br>yn darllen Ffrangeg a theithio tua\u2019r gorwel<br>\u00e2\u2019n rhamantau ein hunain, yn dianc o\u2019n cornel?<\/p>\n\n\n\n<p>Ydyn nhw\u2019n ofni y byddwn ni\u2019n bloeddio \u2018digon\u2019<br>ac yn herio\u2019r goron, fel Llywelyn a Lleucu?<br>A ninnau\u2019n amau na feiddiem wneud hynny&#8230;<\/p>\n\n\n\n<p>Ond y ni sydd tu fewn i\u2019r muriau heno,<br>a\u2019r cerrig yn atseinio\u2019u Cymraeg yn rhagor<br>ar lawnt y castell, a\u2019r porth i bawb ar agor.&nbsp;<\/p>\n\n\n\n<h2 class=\"wp-block-heading\">Chwedl<\/h2>\n\n\n\n<p>Gyda\u2019r gair yr oedd dechreuad<br>ein gwareiddiad yn wawr rydd;<br>acenion llawn gwreichioni<br>yn dweud stori golau dydd.<\/p>\n\n\n\n<p>Ond \u00e2\u2019r golau nawr o\u2019r golwg<br>yn y m\u0175g o eiriau m\u00e2n,<br>ni chlywn un smic o\u2019r marwor,<br>ni fu neb yn tendio\u2019r t\u00e2n.<\/p>\n\n\n\n<p>Y mae iaith ei hun yn darfod<br>ac mae\u2019i chysgod heno\u2019n hir.<br>Mewn gwawl a gwyll mae\u2019r geiriau<br>ac mae gau yr un \u00e2\u2019r gwir.<\/p>\n\n\n\n<p><\/p>\n","protected":false},"excerpt":{"rendered":"<p>gan Osian Rhys Jones Maddeuant mam ddaear Rwyt ti yn llefain y glawa\u2019th lygaid wedi chwyddo\u00e2 chefnforoedd dy ddadrith. Nid fy mod yn dy weld.Tybiaf nad ydw i ond weithiau\u2019n synhwyrody sgrech ar y gwynt, dy siom mor drwchus \u00e2\u2019r niwl. Ac mae\u2019n rhyfedd, tydi, Mam,mai ti yw ein cyfrifoldeb ni &#8211;y fi, a\u2019m holl [&hellip;]<\/p>\n","protected":false},"author":1,"featured_media":0,"parent":0,"menu_order":0,"comment_status":"closed","ping_status":"closed","template":"","meta":{"_uag_custom_page_level_css":"","site-sidebar-layout":"default","site-content-layout":"","ast-site-content-layout":"default","site-content-style":"default","site-sidebar-style":"default","ast-global-header-display":"","ast-banner-title-visibility":"","ast-main-header-display":"","ast-hfb-above-header-display":"","ast-hfb-below-header-display":"","ast-hfb-mobile-header-display":"","site-post-title":"enabled","ast-breadcrumbs-content":"","ast-featured-img":"","footer-sml-layout":"","theme-transparent-header-meta":"","adv-header-id-meta":"","stick-header-meta":"","header-above-stick-meta":"","header-main-stick-meta":"","header-below-stick-meta":"","astra-migrate-meta-layouts":"default","ast-page-background-enabled":"default","ast-page-background-meta":{"desktop":{"background-color":"var(--ast-global-color-4)","background-image":"","background-repeat":"repeat","background-position":"center center","background-size":"auto","background-attachment":"scroll","background-type":"","background-media":"","overlay-type":"","overlay-color":"","overlay-opacity":"","overlay-gradient":""},"tablet":{"background-color":"","background-image":"","background-repeat":"repeat","background-position":"center center","background-size":"auto","background-attachment":"scroll","background-type":"","background-media":"","overlay-type":"","overlay-color":"","overlay-opacity":"","overlay-gradient":""},"mobile":{"background-color":"","background-image":"","background-repeat":"repeat","background-position":"center center","background-size":"auto","background-attachment":"scroll","background-type":"","background-media":"","overlay-type":"","overlay-color":"","overlay-opacity":"","overlay-gradient":""}},"ast-content-background-meta":{"desktop":{"background-color":"var(--ast-global-color-5)","background-image":"","background-repeat":"repeat","background-position":"center center","background-size":"auto","background-attachment":"scroll","background-type":"","background-media":"","overlay-type":"","overlay-color":"","overlay-opacity":"","overlay-gradient":""},"tablet":{"background-color":"var(--ast-global-color-5)","background-image":"","background-repeat":"repeat","background-position":"center center","background-size":"auto","background-attachment":"scroll","background-type":"","background-media":"","overlay-type":"","overlay-color":"","overlay-opacity":"","overlay-gradient":""},"mobile":{"background-color":"var(--ast-global-color-5)","background-image":"","background-repeat":"repeat","background-position":"center center","background-size":"auto","background-attachment":"scroll","background-type":"","background-media":"","overlay-type":"","overlay-color":"","overlay-opacity":"","overlay-gradient":""}},"footnotes":""},"class_list":["post-3517","page","type-page","status-publish","hentry"],"yoast_head":"<!-- This site is optimized with the Yoast SEO plugin v27.4 - https:\/\/yoast.com\/product\/yoast-seo-wordpress\/ -->\n<title>Cerddi i Ysgol y Gymraeg 2021 - Osian Rhys Jones<\/title>\n<meta name=\"robots\" content=\"noindex, nofollow\" \/>\n<meta property=\"og:locale\" content=\"en_US\" \/>\n<meta property=\"og:type\" content=\"article\" \/>\n<meta property=\"og:title\" content=\"Cerddi i Ysgol y Gymraeg 2021 - Osian Rhys Jones\" \/>\n<meta property=\"og:description\" content=\"gan Osian Rhys Jones Maddeuant mam ddaear Rwyt ti yn llefain y glawa\u2019th lygaid wedi chwyddo\u00e2 chefnforoedd dy ddadrith. Nid fy mod yn dy weld.Tybiaf nad ydw i ond weithiau\u2019n synhwyrody sgrech ar y gwynt, dy siom mor drwchus \u00e2\u2019r niwl. Ac mae\u2019n rhyfedd, tydi, Mam,mai ti yw ein cyfrifoldeb ni &#8211;y fi, a\u2019m holl [&hellip;]\" \/>\n<meta property=\"og:url\" content=\"https:\/\/osian.cymru\/cerddi-i-ysgol-y-gymraeg-2021\/\" \/>\n<meta property=\"og:site_name\" content=\"Osian Rhys Jones\" \/>\n<meta property=\"article:publisher\" content=\"https:\/\/www.facebook.com\/OsianRhysJones\" \/>\n<meta property=\"article:modified_time\" content=\"2021-11-18T10:54:31+00:00\" \/>\n<meta name=\"twitter:card\" content=\"summary_large_image\" \/>\n<meta name=\"twitter:site\" content=\"@osianrhysjones\" \/>\n<meta name=\"twitter:label1\" content=\"Est. reading time\" \/>\n\t<meta name=\"twitter:data1\" content=\"5 minutes\" \/>\n<script type=\"application\/ld+json\" class=\"yoast-schema-graph\">{\"@context\":\"https:\\\/\\\/schema.org\",\"@graph\":[{\"@type\":\"WebPage\",\"@id\":\"https:\\\/\\\/osian.cymru\\\/cerddi-i-ysgol-y-gymraeg-2021\\\/\",\"url\":\"https:\\\/\\\/osian.cymru\\\/cerddi-i-ysgol-y-gymraeg-2021\\\/\",\"name\":\"Cerddi i Ysgol y Gymraeg 2021 - Osian Rhys Jones\",\"isPartOf\":{\"@id\":\"https:\\\/\\\/osian.cymru\\\/#website\"},\"datePublished\":\"2021-11-18T10:51:09+00:00\",\"dateModified\":\"2021-11-18T10:54:31+00:00\",\"breadcrumb\":{\"@id\":\"https:\\\/\\\/osian.cymru\\\/cerddi-i-ysgol-y-gymraeg-2021\\\/#breadcrumb\"},\"inLanguage\":\"en-US\",\"potentialAction\":[{\"@type\":\"ReadAction\",\"target\":[\"https:\\\/\\\/osian.cymru\\\/cerddi-i-ysgol-y-gymraeg-2021\\\/\"]}]},{\"@type\":\"BreadcrumbList\",\"@id\":\"https:\\\/\\\/osian.cymru\\\/cerddi-i-ysgol-y-gymraeg-2021\\\/#breadcrumb\",\"itemListElement\":[{\"@type\":\"ListItem\",\"position\":1,\"name\":\"Hafan\",\"item\":\"https:\\\/\\\/osian.cymru\\\/en\\\/\"},{\"@type\":\"ListItem\",\"position\":2,\"name\":\"Cerddi i Ysgol y Gymraeg 2021\"}]},{\"@type\":\"WebSite\",\"@id\":\"https:\\\/\\\/osian.cymru\\\/#website\",\"url\":\"https:\\\/\\\/osian.cymru\\\/\",\"name\":\"Osian Rhys Jones\",\"description\":\"Poet and content designer\",\"publisher\":{\"@id\":\"https:\\\/\\\/osian.cymru\\\/#\\\/schema\\\/person\\\/0a7628089d3511e709a0302e87073b7f\"},\"potentialAction\":[{\"@type\":\"SearchAction\",\"target\":{\"@type\":\"EntryPoint\",\"urlTemplate\":\"https:\\\/\\\/osian.cymru\\\/?s={search_term_string}\"},\"query-input\":{\"@type\":\"PropertyValueSpecification\",\"valueRequired\":true,\"valueName\":\"search_term_string\"}}],\"inLanguage\":\"en-US\"},{\"@type\":[\"Person\",\"Organization\"],\"@id\":\"https:\\\/\\\/osian.cymru\\\/#\\\/schema\\\/person\\\/0a7628089d3511e709a0302e87073b7f\",\"name\":\"Osian\",\"image\":{\"@type\":\"ImageObject\",\"inLanguage\":\"en-US\",\"@id\":\"https:\\\/\\\/osian.cymru\\\/osiandotcymru\\\/wp-content\\\/uploads\\\/2017\\\/07\\\/Osian-Rhys-Jones-Gwe-1.jpg\",\"url\":\"https:\\\/\\\/osian.cymru\\\/osiandotcymru\\\/wp-content\\\/uploads\\\/2017\\\/07\\\/Osian-Rhys-Jones-Gwe-1.jpg\",\"contentUrl\":\"https:\\\/\\\/osian.cymru\\\/osiandotcymru\\\/wp-content\\\/uploads\\\/2017\\\/07\\\/Osian-Rhys-Jones-Gwe-1.jpg\",\"width\":902,\"height\":600,\"caption\":\"Osian\"},\"logo\":{\"@id\":\"https:\\\/\\\/osian.cymru\\\/osiandotcymru\\\/wp-content\\\/uploads\\\/2017\\\/07\\\/Osian-Rhys-Jones-Gwe-1.jpg\"},\"sameAs\":[\"https:\\\/\\\/www.facebook.com\\\/OsianRhysJones\",\"https:\\\/\\\/x.com\\\/osianrhysjones\"]}]}<\/script>\n<!-- \/ Yoast SEO plugin. -->","yoast_head_json":{"title":"Cerddi i Ysgol y Gymraeg 2021 - Osian Rhys Jones","robots":{"index":"noindex","follow":"nofollow"},"og_locale":"en_US","og_type":"article","og_title":"Cerddi i Ysgol y Gymraeg 2021 - Osian Rhys Jones","og_description":"gan Osian Rhys Jones Maddeuant mam ddaear Rwyt ti yn llefain y glawa\u2019th lygaid wedi chwyddo\u00e2 chefnforoedd dy ddadrith. Nid fy mod yn dy weld.Tybiaf nad ydw i ond weithiau\u2019n synhwyrody sgrech ar y gwynt, dy siom mor drwchus \u00e2\u2019r niwl. Ac mae\u2019n rhyfedd, tydi, Mam,mai ti yw ein cyfrifoldeb ni &#8211;y fi, a\u2019m holl [&hellip;]","og_url":"https:\/\/osian.cymru\/cerddi-i-ysgol-y-gymraeg-2021\/","og_site_name":"Osian Rhys Jones","article_publisher":"https:\/\/www.facebook.com\/OsianRhysJones","article_modified_time":"2021-11-18T10:54:31+00:00","twitter_card":"summary_large_image","twitter_site":"@osianrhysjones","twitter_misc":{"Est. reading time":"5 minutes"},"schema":{"@context":"https:\/\/schema.org","@graph":[{"@type":"WebPage","@id":"https:\/\/osian.cymru\/cerddi-i-ysgol-y-gymraeg-2021\/","url":"https:\/\/osian.cymru\/cerddi-i-ysgol-y-gymraeg-2021\/","name":"Cerddi i Ysgol y Gymraeg 2021 - Osian Rhys Jones","isPartOf":{"@id":"https:\/\/osian.cymru\/#website"},"datePublished":"2021-11-18T10:51:09+00:00","dateModified":"2021-11-18T10:54:31+00:00","breadcrumb":{"@id":"https:\/\/osian.cymru\/cerddi-i-ysgol-y-gymraeg-2021\/#breadcrumb"},"inLanguage":"en-US","potentialAction":[{"@type":"ReadAction","target":["https:\/\/osian.cymru\/cerddi-i-ysgol-y-gymraeg-2021\/"]}]},{"@type":"BreadcrumbList","@id":"https:\/\/osian.cymru\/cerddi-i-ysgol-y-gymraeg-2021\/#breadcrumb","itemListElement":[{"@type":"ListItem","position":1,"name":"Hafan","item":"https:\/\/osian.cymru\/en\/"},{"@type":"ListItem","position":2,"name":"Cerddi i Ysgol y Gymraeg 2021"}]},{"@type":"WebSite","@id":"https:\/\/osian.cymru\/#website","url":"https:\/\/osian.cymru\/","name":"Osian Rhys Jones","description":"Poet and content designer","publisher":{"@id":"https:\/\/osian.cymru\/#\/schema\/person\/0a7628089d3511e709a0302e87073b7f"},"potentialAction":[{"@type":"SearchAction","target":{"@type":"EntryPoint","urlTemplate":"https:\/\/osian.cymru\/?s={search_term_string}"},"query-input":{"@type":"PropertyValueSpecification","valueRequired":true,"valueName":"search_term_string"}}],"inLanguage":"en-US"},{"@type":["Person","Organization"],"@id":"https:\/\/osian.cymru\/#\/schema\/person\/0a7628089d3511e709a0302e87073b7f","name":"Osian","image":{"@type":"ImageObject","inLanguage":"en-US","@id":"https:\/\/osian.cymru\/osiandotcymru\/wp-content\/uploads\/2017\/07\/Osian-Rhys-Jones-Gwe-1.jpg","url":"https:\/\/osian.cymru\/osiandotcymru\/wp-content\/uploads\/2017\/07\/Osian-Rhys-Jones-Gwe-1.jpg","contentUrl":"https:\/\/osian.cymru\/osiandotcymru\/wp-content\/uploads\/2017\/07\/Osian-Rhys-Jones-Gwe-1.jpg","width":902,"height":600,"caption":"Osian"},"logo":{"@id":"https:\/\/osian.cymru\/osiandotcymru\/wp-content\/uploads\/2017\/07\/Osian-Rhys-Jones-Gwe-1.jpg"},"sameAs":["https:\/\/www.facebook.com\/OsianRhysJones","https:\/\/x.com\/osianrhysjones"]}]}},"uagb_featured_image_src":{"full":false,"thumbnail":false,"medium":false,"medium_large":false,"large":false,"1536x1536":false,"2048x2048":false},"uagb_author_info":{"display_name":"Osian","author_link":"https:\/\/osian.cymru\/en\/author\/osianrhysjones\/"},"uagb_comment_info":0,"uagb_excerpt":"gan Osian Rhys Jones Maddeuant mam ddaear Rwyt ti yn llefain y glawa\u2019th lygaid wedi chwyddo\u00e2 chefnforoedd dy ddadrith. Nid fy mod yn dy weld.Tybiaf nad ydw i ond weithiau\u2019n synhwyrody sgrech ar y gwynt, dy siom mor drwchus \u00e2\u2019r niwl. Ac mae\u2019n rhyfedd, tydi, Mam,mai ti yw ein cyfrifoldeb ni &#8211;y fi, a\u2019m holl&hellip;","_links":{"self":[{"href":"https:\/\/osian.cymru\/en\/wp-json\/wp\/v2\/pages\/3517","targetHints":{"allow":["GET"]}}],"collection":[{"href":"https:\/\/osian.cymru\/en\/wp-json\/wp\/v2\/pages"}],"about":[{"href":"https:\/\/osian.cymru\/en\/wp-json\/wp\/v2\/types\/page"}],"author":[{"embeddable":true,"href":"https:\/\/osian.cymru\/en\/wp-json\/wp\/v2\/users\/1"}],"replies":[{"embeddable":true,"href":"https:\/\/osian.cymru\/en\/wp-json\/wp\/v2\/comments?post=3517"}],"version-history":[{"count":3,"href":"https:\/\/osian.cymru\/en\/wp-json\/wp\/v2\/pages\/3517\/revisions"}],"predecessor-version":[{"id":3520,"href":"https:\/\/osian.cymru\/en\/wp-json\/wp\/v2\/pages\/3517\/revisions\/3520"}],"wp:attachment":[{"href":"https:\/\/osian.cymru\/en\/wp-json\/wp\/v2\/media?parent=3517"}],"curies":[{"name":"wp","href":"https:\/\/api.w.org\/{rel}","templated":true}]}}